{"id":4114,"date":"2020-08-04T15:43:19","date_gmt":"2020-08-04T13:43:19","guid":{"rendered":"https:\/\/www.railwaywindows.it\/azienda\/"},"modified":"2022-09-12T20:27:38","modified_gmt":"2022-09-12T18:27:38","slug":"unternehmen","status":"publish","type":"page","link":"https:\/\/www.railwaywindows.it\/de\/unternehmen\/","title":{"rendered":"Unternehmen"},"content":{"rendered":"<p><div id=\"geschichte\" class=\"fusion-container-anchor\"><div class=\"fusion-fullwidth fullwidth-box fusion-builder-row-1 nonhundred-percent-fullwidth non-hundred-percent-height-scrolling\" style=\"--awb-border-radius-top-left:0px;--awb-border-radius-top-right:0px;--awb-border-radius-bottom-right:0px;--awb-border-radius-bottom-left:0px;--awb-margin-top:70px;--awb-margin-bottom:50px;--awb-flex-wrap:wrap;\" ><div class=\"fusion-builder-row fusion-row\"><div class=\"fusion-layout-column fusion_builder_column fusion-builder-column-0 fusion_builder_column_1_1 1_1 fusion-one-full fusion-column-first fusion-column-last\" style=\"--awb-bg-size:cover;\"><div class=\"fusion-column-wrapper fusion-column-has-shadow fusion-flex-column-wrapper-legacy\"><div class=\"fusion-title title fusion-title-1 fusion-sep-none fusion-title-text fusion-title-size-two\" style=\"--awb-margin-top-small:0px;--awb-margin-right-small:0px;--awb-margin-bottom-small:10px;--awb-margin-left-small:0px;\"><h2 class=\"fusion-title-heading title-heading-left fusion-responsive-typography-calculated\" style=\"margin:0;--fontSize:25;--minFontSize:25;line-height:1.2;\">GESCHICHTE<\/h2><\/div><div class=\"fusion-sep-clear\"><\/div><div class=\"fusion-separator fusion-full-width-sep\" style=\"margin-left: auto;margin-right: auto;margin-bottom:30px;width:100%;\"><div class=\"fusion-separator-border sep-single sep-solid\" style=\"--awb-height:20px;--awb-amount:20px;border-color:#3669ae;border-top-width:1px;\"><\/div><\/div><div class=\"fusion-sep-clear\"><\/div><div class=\"fusion-text fusion-text-1\"><p>Das 2010 gegr\u00fcndete Unternehmen <strong>Railway Windows<\/strong> entwirft und produziert <strong>Fenster<\/strong>, <strong>T\u00fcren<\/strong> und <strong>Innenausstattungen<\/strong> f\u00fcr die Instandhaltung von Eisenbahnwagen.<\/p>\n<p>Die Herstellung von <strong>Fenstern<\/strong> war die urspr\u00fcngliche T\u00e4tigkeit des Unternehmens, das seine Aktivit\u00e4ten rasch auch auf die Herstellung von Au\u00dfen- und <strong>Innent\u00fcren als auch auf Einrichtungszubeh\u00f6r<\/strong> zu erweitern wu\u03b2te; die Synergie besteht in der Suche nach neuen technischen L\u00f6sungen zusammen mit der Dynamik der Mitarbeiter, sowohl in der Gesch\u00e4ftsf\u00fchrung als auch in der Produktion, und einer drei\u00dfigj\u00e4hrigen Erfahrung in der <strong>Herstellung von Produkten f\u00fcr Z\u00fcge;<\/strong> diese Fakten sind die Gr\u00fcnde, warum sich Railway Windows so schnell als eines der f\u00fchrenden italienischen Unternehmen in der Herstellung von Ersatzteilen und <strong>Eisenbahnausr\u00fcstungen in der Branche etablierte<\/strong>.<\/p>\n<\/div><div class=\"fusion-clearfix\"><\/div><\/div><\/div><\/div><\/div><\/div><div id=\"zertifizierungen\" class=\"fusion-container-anchor\"><div class=\"fusion-fullwidth fullwidth-box fusion-builder-row-2 nonhundred-percent-fullwidth non-hundred-percent-height-scrolling\" style=\"--awb-border-radius-top-left:0px;--awb-border-radius-top-right:0px;--awb-border-radius-bottom-right:0px;--awb-border-radius-bottom-left:0px;--awb-margin-bottom:70px;--awb-flex-wrap:wrap;\" ><div class=\"fusion-builder-row fusion-row\"><div class=\"fusion-layout-column fusion_builder_column fusion-builder-column-1 fusion_builder_column_1_1 1_1 fusion-one-full fusion-column-first fusion-column-last\" style=\"--awb-bg-size:cover;--awb-margin-bottom:0px;\"><div class=\"fusion-column-wrapper fusion-column-has-shadow fusion-flex-column-wrapper-legacy\"><div class=\"fusion-title title fusion-title-2 fusion-sep-none fusion-title-text fusion-title-size-two\" style=\"--awb-margin-top-small:0px;--awb-margin-right-small:0px;--awb-margin-bottom-small:10px;--awb-margin-left-small:0px;\"><h2 class=\"fusion-title-heading title-heading-left fusion-responsive-typography-calculated\" style=\"margin:0;--fontSize:25;--minFontSize:25;line-height:1.2;\">ZERTIFIZIERUNGEN<\/h2><\/div><div class=\"fusion-sep-clear\"><\/div><div class=\"fusion-separator fusion-full-width-sep\" style=\"margin-left: auto;margin-right: auto;margin-bottom:30px;width:100%;\"><div class=\"fusion-separator-border sep-single sep-solid\" style=\"--awb-height:20px;--awb-amount:20px;border-color:#3669ae;border-top-width:1px;\"><\/div><\/div><div class=\"fusion-sep-clear\"><\/div><div class=\"fusion-clearfix\"><\/div><\/div><\/div><div class=\"fusion-layout-column fusion_builder_column fusion-builder-column-2 fusion_builder_column_1_3 1_3 fusion-one-third fusion-column-first\" style=\"--awb-bg-size:cover;width:33.333333333333%;width:calc(33.333333333333% - ( ( 4% + 4% ) * 0.33333333333333 ) );margin-right: 4%;\"><div class=\"fusion-column-wrapper fusion-column-has-shadow fusion-flex-column-wrapper-legacy\"><div class=\"fusion-title title fusion-title-3 fusion-sep-none fusion-title-text fusion-title-size-three\" style=\"--awb-margin-top-small:0px;--awb-margin-right-small:0px;--awb-margin-bottom-small:10px;--awb-margin-left-small:0px;--awb-font-size:20px;\"><h3 class=\"fusion-title-heading title-heading-left fusion-responsive-typography-calculated\" style=\"font-family:&quot;Aguda&quot;;font-style:normal;font-weight:400;margin:0;font-size:1em;--fontSize:20;--minFontSize:20;line-height:1.2;\">Zertifikat ISAR-SGC-2040<\/h3><\/div><div class=\"fusion-button-wrapper\"><a class=\"fusion-button button-flat button-small button-default fusion-button-default button-1 fusion-button-default-span fusion-button-default-type\" style=\"--button-border-radius-top-left:0px;--button-border-radius-top-right:0px;--button-border-radius-bottom-right:0px;--button-border-radius-bottom-left:0px;\" target=\"_blank\" rel=\"noopener noreferrer\" href=\"https:\/\/www.railwaywindows.it\/wp-content\/uploads\/2020\/11\/ISAR-SGC-2040_Railway-Windows.pdf\"><span class=\"fusion-button-text awb-button__text awb-button__text--default fusion-button-text-right\">SIEHE ZERTIFIKAT<\/span><span class=\"fusion-button-icon-divider button-icon-divider-right\"><i class=\"fa-external-link-alt fas awb-button__icon awb-button__icon--default\" aria-hidden=\"true\"><\/i><\/span><\/a><\/div><div class=\"fusion-clearfix\"><\/div><\/div><\/div><div class=\"fusion-layout-column fusion_builder_column fusion-builder-column-3 fusion_builder_column_1_3 1_3 fusion-one-third\" style=\"--awb-bg-size:cover;width:33.333333333333%;width:calc(33.333333333333% - ( ( 4% + 4% ) * 0.33333333333333 ) );margin-right: 4%;\"><div class=\"fusion-column-wrapper fusion-column-has-shadow fusion-flex-column-wrapper-legacy\"><div class=\"fusion-title title fusion-title-4 fusion-sep-none fusion-title-text fusion-title-size-three\" style=\"--awb-margin-top-small:0px;--awb-margin-right-small:0px;--awb-margin-bottom-small:10px;--awb-margin-left-small:0px;--awb-font-size:20px;\"><h3 class=\"fusion-title-heading title-heading-left fusion-responsive-typography-calculated\" style=\"font-family:&quot;Aguda&quot;;font-style:normal;font-weight:400;margin:0;font-size:1em;--fontSize:20;--minFontSize:20;line-height:1.2;\">Zertifikat ISO 9001<\/h3><\/div><div class=\"fusion-button-wrapper\"><a class=\"fusion-button button-flat button-small button-default fusion-button-default button-2 fusion-button-default-span fusion-button-default-type\" style=\"--button-border-radius-top-left:0px;--button-border-radius-top-right:0px;--button-border-radius-bottom-right:0px;--button-border-radius-bottom-left:0px;\" target=\"_blank\" rel=\"noopener noreferrer\" href=\"https:\/\/www.railwaywindows.it\/wp-content\/uploads\/2020\/09\/CERTIFICAZIONE-ISO-9001.pdf\"><span class=\"fusion-button-text awb-button__text awb-button__text--default fusion-button-text-right\">SIEHE ZERTIFIKAT<\/span><span class=\"fusion-button-icon-divider button-icon-divider-right\"><i class=\"fa-external-link-alt fas awb-button__icon awb-button__icon--default\" aria-hidden=\"true\"><\/i><\/span><\/a><\/div><div class=\"fusion-clearfix\"><\/div><\/div><\/div><div class=\"fusion-layout-column fusion_builder_column fusion-builder-column-4 fusion_builder_column_1_3 1_3 fusion-one-third fusion-column-last\" style=\"--awb-bg-size:cover;width:33.333333333333%;width:calc(33.333333333333% - ( ( 4% + 4% ) * 0.33333333333333 ) );\"><div class=\"fusion-column-wrapper fusion-column-has-shadow fusion-flex-column-wrapper-legacy\"><div class=\"fusion-title title fusion-title-5 fusion-sep-none fusion-title-text fusion-title-size-three\" style=\"--awb-margin-top-small:0px;--awb-margin-right-small:0px;--awb-margin-bottom-small:10px;--awb-margin-left-small:0px;--awb-font-size:20px;\"><h3 class=\"fusion-title-heading title-heading-left fusion-responsive-typography-calculated\" style=\"font-family:&quot;Aguda&quot;;font-style:normal;font-weight:400;margin:0;font-size:1em;--fontSize:20;--minFontSize:20;line-height:1.2;\">Zertifikat EN ISO 14001<\/h3><\/div><div class=\"fusion-button-wrapper\"><a class=\"fusion-button button-flat button-small button-default fusion-button-default button-3 fusion-button-default-span fusion-button-default-type\" style=\"--button-border-radius-top-left:0px;--button-border-radius-top-right:0px;--button-border-radius-bottom-right:0px;--button-border-radius-bottom-left:0px;\" target=\"_blank\" rel=\"noopener noreferrer\" href=\"https:\/\/www.railwaywindows.it\/wp-content\/uploads\/2020\/11\/ISO-14001.pdf\"><span class=\"fusion-button-text awb-button__text awb-button__text--default fusion-button-text-right\">SIEHE ZERTIFIKAT<\/span><span class=\"fusion-button-icon-divider button-icon-divider-right\"><i class=\"fa-external-link-alt fas awb-button__icon awb-button__icon--default\" aria-hidden=\"true\"><\/i><\/span><\/a><\/div><div class=\"fusion-clearfix\"><\/div><\/div><\/div><div class=\"fusion-layout-column fusion_builder_column fusion-builder-column-5 fusion_builder_column_1_1 1_1 fusion-one-full fusion-column-first fusion-column-last\" style=\"--awb-bg-size:cover;\"><div class=\"fusion-column-wrapper fusion-column-has-shadow fusion-flex-column-wrapper-legacy\"><div class=\"fusion-clearfix\"><\/div><\/div><\/div><div class=\"fusion-layout-column fusion_builder_column fusion-builder-column-6 fusion_builder_column_1_3 1_3 fusion-one-third fusion-column-first\" style=\"--awb-bg-size:cover;width:33.333333333333%;width:calc(33.333333333333% - ( ( 4% ) * 0.33333333333333 ) );margin-right: 4%;\"><div class=\"fusion-column-wrapper fusion-column-has-shadow fusion-flex-column-wrapper-legacy\"><div class=\"fusion-title title fusion-title-6 fusion-sep-none fusion-title-text fusion-title-size-three\" style=\"--awb-margin-top-small:0px;--awb-margin-right-small:0px;--awb-margin-bottom-small:10px;--awb-margin-left-small:0px;--awb-font-size:20px;\"><h3 class=\"fusion-title-heading title-heading-left fusion-responsive-typography-calculated\" style=\"font-family:&quot;Aguda&quot;;font-style:normal;font-weight:400;margin:0;font-size:1em;--fontSize:20;--minFontSize:20;line-height:1.2;\">Zertifikat EN 15085 &#8211; 2<\/h3><\/div><div class=\"fusion-button-wrapper\"><a class=\"fusion-button button-flat button-small button-default fusion-button-default button-4 fusion-button-default-span fusion-button-default-type\" style=\"--button-border-radius-top-left:0px;--button-border-radius-top-right:0px;--button-border-radius-bottom-right:0px;--button-border-radius-bottom-left:0px;\" target=\"_blank\" rel=\"noopener noreferrer\" href=\"https:\/\/www.railwaywindows.it\/wp-content\/uploads\/2020\/11\/998-001_IT.pdf\"><span class=\"fusion-button-text awb-button__text awb-button__text--default fusion-button-text-right\">SIEHE ZERTIFIKAT<\/span><span class=\"fusion-button-icon-divider button-icon-divider-right\"><i class=\"fa-external-link-alt fas awb-button__icon awb-button__icon--default\" aria-hidden=\"true\"><\/i><\/span><\/a><\/div><div class=\"fusion-clearfix\"><\/div><\/div><\/div><\/div><\/div><\/div><div id=\"kunden\" class=\"fusion-container-anchor\"><div class=\"fusion-fullwidth fullwidth-box fusion-builder-row-3 nonhundred-percent-fullwidth non-hundred-percent-height-scrolling\" style=\"--awb-border-radius-top-left:0px;--awb-border-radius-top-right:0px;--awb-border-radius-bottom-right:0px;--awb-border-radius-bottom-left:0px;--awb-flex-wrap:wrap;\" ><div class=\"fusion-builder-row fusion-row\"><div class=\"fusion-layout-column fusion_builder_column fusion-builder-column-7 fusion_builder_column_1_1 1_1 fusion-one-full fusion-column-first fusion-column-last\" style=\"--awb-bg-size:cover;--awb-margin-bottom:0px;\"><div class=\"fusion-column-wrapper fusion-column-has-shadow fusion-flex-column-wrapper-legacy\"><div class=\"fusion-title title fusion-title-7 fusion-sep-none fusion-title-text fusion-title-size-two\" style=\"--awb-margin-top-small:0px;--awb-margin-right-small:0px;--awb-margin-bottom-small:10px;--awb-margin-left-small:0px;\"><h2 class=\"fusion-title-heading title-heading-left fusion-responsive-typography-calculated\" style=\"margin:0;--fontSize:25;--minFontSize:25;line-height:1.2;\">KUNDEN<\/h2><\/div><div class=\"fusion-sep-clear\"><\/div><div class=\"fusion-separator fusion-full-width-sep\" style=\"margin-left: auto;margin-right: auto;margin-bottom:30px;width:100%;\"><div class=\"fusion-separator-border sep-single sep-solid\" style=\"--awb-height:20px;--awb-amount:20px;border-color:#3669ae;border-top-width:1px;\"><\/div><\/div><div class=\"fusion-sep-clear\"><\/div><div class=\"awb-gallery-wrapper awb-gallery-wrapper-1 button-span-no\"><div style=\"margin:-5px;--awb-bordersize:1px;\" class=\"fusion-gallery fusion-gallery-container fusion-grid-6 fusion-columns-total-6 fusion-gallery-layout-grid fusion-gallery-1\"><div style=\"padding:5px;\" class=\"fusion-grid-column fusion-gallery-column fusion-gallery-column-6 hover-type-none\"><div class=\"fusion-gallery-image\"><img decoding=\"async\" src=\"https:\/\/www.railwaywindows.it\/wp-content\/uploads\/2020\/09\/trenitalia.jpg\" width=\"600\" height=\"260\" alt=\"\" title=\"\" aria-label=\"\" class=\"img-responsive wp-image-2626\" srcset=\"https:\/\/www.railwaywindows.it\/wp-content\/uploads\/2020\/09\/trenitalia-200x87.jpg 200w, https:\/\/www.railwaywindows.it\/wp-content\/uploads\/2020\/09\/trenitalia-400x173.jpg 400w, https:\/\/www.railwaywindows.it\/wp-content\/uploads\/2020\/09\/trenitalia.jpg 600w\" sizes=\"(min-width: 2200px) 100vw, (min-width: 1000px) 196px, (min-width: 928px) 235px, (min-width: 856px) 294px, (min-width: 784px) 392px, (min-width: 712px) 588px, (min-width: 640px) 712px, \" \/><\/div><\/div><div style=\"padding:5px;\" class=\"fusion-grid-column fusion-gallery-column fusion-gallery-column-6 hover-type-none\"><div class=\"fusion-gallery-image\"><img decoding=\"async\" src=\"https:\/\/www.railwaywindows.it\/wp-content\/uploads\/2020\/09\/trenord.jpg\" width=\"600\" height=\"260\" alt=\"\" title=\"\" aria-label=\"\" class=\"img-responsive wp-image-2618\" srcset=\"https:\/\/www.railwaywindows.it\/wp-content\/uploads\/2020\/09\/trenord-200x87.jpg 200w, https:\/\/www.railwaywindows.it\/wp-content\/uploads\/2020\/09\/trenord-400x173.jpg 400w, https:\/\/www.railwaywindows.it\/wp-content\/uploads\/2020\/09\/trenord.jpg 600w\" sizes=\"(min-width: 2200px) 100vw, (min-width: 1000px) 196px, (min-width: 928px) 235px, (min-width: 856px) 294px, (min-width: 784px) 392px, (min-width: 712px) 588px, (min-width: 640px) 712px, \" \/><\/div><\/div><div style=\"padding:5px;\" class=\"fusion-grid-column fusion-gallery-column fusion-gallery-column-6 hover-type-none\"><div class=\"fusion-gallery-image\"><img decoding=\"async\" src=\"https:\/\/www.railwaywindows.it\/wp-content\/uploads\/2020\/09\/hitachi.jpg\" width=\"600\" height=\"260\" alt=\"\" title=\"\" aria-label=\"\" class=\"img-responsive wp-image-2624\" srcset=\"https:\/\/www.railwaywindows.it\/wp-content\/uploads\/2020\/09\/hitachi-200x87.jpg 200w, https:\/\/www.railwaywindows.it\/wp-content\/uploads\/2020\/09\/hitachi-400x173.jpg 400w, https:\/\/www.railwaywindows.it\/wp-content\/uploads\/2020\/09\/hitachi.jpg 600w\" sizes=\"(min-width: 2200px) 100vw, (min-width: 1000px) 196px, (min-width: 928px) 235px, (min-width: 856px) 294px, (min-width: 784px) 392px, (min-width: 712px) 588px, (min-width: 640px) 712px, \" \/><\/div><\/div><div style=\"padding:5px;\" class=\"fusion-grid-column fusion-gallery-column fusion-gallery-column-6 hover-type-none\"><div class=\"fusion-gallery-image\"><img decoding=\"async\" src=\"https:\/\/www.railwaywindows.it\/wp-content\/uploads\/2020\/09\/alstorm.jpg\" width=\"600\" height=\"260\" alt=\"\" title=\"\" aria-label=\"\" class=\"img-responsive wp-image-2616\" srcset=\"https:\/\/www.railwaywindows.it\/wp-content\/uploads\/2020\/09\/alstorm-200x87.jpg 200w, https:\/\/www.railwaywindows.it\/wp-content\/uploads\/2020\/09\/alstorm-400x173.jpg 400w, https:\/\/www.railwaywindows.it\/wp-content\/uploads\/2020\/09\/alstorm.jpg 600w\" sizes=\"(min-width: 2200px) 100vw, (min-width: 1000px) 196px, (min-width: 928px) 235px, (min-width: 856px) 294px, (min-width: 784px) 392px, (min-width: 712px) 588px, (min-width: 640px) 712px, \" \/><\/div><\/div><div style=\"padding:5px;\" class=\"fusion-grid-column fusion-gallery-column fusion-gallery-column-6 hover-type-none\"><div class=\"fusion-gallery-image\"><img decoding=\"async\" src=\"https:\/\/www.railwaywindows.it\/wp-content\/uploads\/2020\/09\/bombardier.jpg\" width=\"600\" height=\"260\" alt=\"\" title=\"\" aria-label=\"\" class=\"img-responsive wp-image-2620\" srcset=\"https:\/\/www.railwaywindows.it\/wp-content\/uploads\/2020\/09\/bombardier-200x87.jpg 200w, https:\/\/www.railwaywindows.it\/wp-content\/uploads\/2020\/09\/bombardier-400x173.jpg 400w, https:\/\/www.railwaywindows.it\/wp-content\/uploads\/2020\/09\/bombardier.jpg 600w\" sizes=\"(min-width: 2200px) 100vw, (min-width: 1000px) 196px, (min-width: 928px) 235px, (min-width: 856px) 294px, (min-width: 784px) 392px, (min-width: 712px) 588px, (min-width: 640px) 712px, \" \/><\/div><\/div><div style=\"padding:5px;\" class=\"fusion-grid-column fusion-gallery-column fusion-gallery-column-6 hover-type-none\"><div class=\"fusion-gallery-image\"><img decoding=\"async\" src=\"https:\/\/www.railwaywindows.it\/wp-content\/uploads\/2020\/09\/atm.jpg\" width=\"600\" height=\"260\" alt=\"\" title=\"\" aria-label=\"\" class=\"img-responsive wp-image-2622\" srcset=\"https:\/\/www.railwaywindows.it\/wp-content\/uploads\/2020\/09\/atm-200x87.jpg 200w, https:\/\/www.railwaywindows.it\/wp-content\/uploads\/2020\/09\/atm-400x173.jpg 400w, https:\/\/www.railwaywindows.it\/wp-content\/uploads\/2020\/09\/atm.jpg 600w\" sizes=\"(min-width: 2200px) 100vw, (min-width: 1000px) 196px, (min-width: 928px) 235px, (min-width: 856px) 294px, (min-width: 784px) 392px, (min-width: 712px) 588px, (min-width: 640px) 712px, \" \/><\/div><\/div><div class=\"clearfix\"><\/div><\/div><\/div><div class=\"fusion-clearfix\"><\/div><\/div><\/div><\/div><\/div><\/div><\/p>\n","protected":false},"excerpt":{"rendered":"","protected":false},"author":1,"featured_media":4298,"parent":0,"menu_order":0,"comment_status":"closed","ping_status":"closed","template":"100-width.php","meta":{"rs_blank_template":"","rs_page_bg_color":"","slide_template_v7":"","footnotes":""},"class_list":["post-4114","page","type-page","status-publish","has-post-thumbnail","hentry"],"_links":{"self":[{"href":"https:\/\/www.railwaywindows.it\/de\/wp-json\/wp\/v2\/pages\/4114","targetHints":{"allow":["GET"]}}],"collection":[{"href":"https:\/\/www.railwaywindows.it\/de\/wp-json\/wp\/v2\/pages"}],"about":[{"href":"https:\/\/www.railwaywindows.it\/de\/wp-json\/wp\/v2\/types\/page"}],"author":[{"embeddable":true,"href":"https:\/\/www.railwaywindows.it\/de\/wp-json\/wp\/v2\/users\/1"}],"replies":[{"embeddable":true,"href":"https:\/\/www.railwaywindows.it\/de\/wp-json\/wp\/v2\/comments?post=4114"}],"version-history":[{"count":6,"href":"https:\/\/www.railwaywindows.it\/de\/wp-json\/wp\/v2\/pages\/4114\/revisions"}],"predecessor-version":[{"id":4303,"href":"https:\/\/www.railwaywindows.it\/de\/wp-json\/wp\/v2\/pages\/4114\/revisions\/4303"}],"wp:featuredmedia":[{"embeddable":true,"href":"https:\/\/www.railwaywindows.it\/de\/wp-json\/wp\/v2\/media\/4298"}],"wp:attachment":[{"href":"https:\/\/www.railwaywindows.it\/de\/wp-json\/wp\/v2\/media?parent=4114"}],"curies":[{"name":"wp","href":"https:\/\/api.w.org\/{rel}","templated":true}]}}